{"id":1296,"date":"2026-03-22T10:06:40","date_gmt":"2026-03-22T10:06:40","guid":{"rendered":"https:\/\/demlines.pl\/?page_id=1296"},"modified":"2026-04-01T14:23:52","modified_gmt":"2026-04-01T14:23:52","slug":"fotografie-i-filmy-z-drona","status":"publish","type":"page","link":"https:\/\/palkiewicz.art\/?page_id=1296","title":{"rendered":"Fotografie i filmy z drona"},"content":{"rendered":"\t\t<div data-elementor-type=\"wp-page\" data-elementor-id=\"1296\" class=\"elementor elementor-1296\">\n\t\t\t\t\t\t<section class=\"elementor-section elementor-top-section elementor-element elementor-element-317bb0a elementor-section-height-min-height elementor-section-items-bottom elementor-section-boxed elementor-section-height-default\" data-id=\"317bb0a\" data-element_type=\"section\" data-e-type=\"section\" data-settings=\"{&quot;background_background&quot;:&quot;classic&quot;}\">\n\t\t\t\t\t\t\t<div class=\"elementor-background-overlay\"><\/div>\n\t\t\t\t\t\t\t<div class=\"elementor-container elementor-column-gap-default\">\n\t\t\t\t\t<div class=\"elementor-column elementor-col-50 elementor-top-column elementor-element elementor-element-1f5a277\" data-id=\"1f5a277\" data-element_type=\"column\" data-e-type=\"column\">\n\t\t\t<div class=\"elementor-widget-wrap elementor-element-populated\">\n\t\t\t\t\t\t<div class=\"elementor-element elementor-element-b652326 elementor-widget elementor-widget-spacer\" data-id=\"b652326\" data-element_type=\"widget\" data-e-type=\"widget\" data-widget_type=\"spacer.default\">\n\t\t\t\t\t\t\t<div class=\"elementor-spacer\">\n\t\t\t<div class=\"elementor-spacer-inner\"><\/div>\n\t\t<\/div>\n\t\t\t\t\t\t<\/div>\n\t\t\t\t<div class=\"elementor-element elementor-element-2574b91 elementor-widget elementor-widget-heading\" data-id=\"2574b91\" data-element_type=\"widget\" data-e-type=\"widget\" data-widget_type=\"heading.default\">\n\t\t\t\t\t<h1 class=\"elementor-heading-title elementor-size-default\">Fotografie i filmy z drona<\/h1>\t\t\t\t<\/div>\n\t\t\t\t<div class=\"elementor-element elementor-element-730591f elementor-hidden-phone elementor-widget elementor-widget-spacer\" data-id=\"730591f\" data-element_type=\"widget\" data-e-type=\"widget\" data-widget_type=\"spacer.default\">\n\t\t\t\t\t\t\t<div class=\"elementor-spacer\">\n\t\t\t<div class=\"elementor-spacer-inner\"><\/div>\n\t\t<\/div>\n\t\t\t\t\t\t<\/div>\n\t\t\t\t\t<\/div>\n\t\t<\/div>\n\t\t\t\t<div class=\"elementor-column elementor-col-50 elementor-top-column elementor-element elementor-element-5a3f5d1\" data-id=\"5a3f5d1\" data-element_type=\"column\" data-e-type=\"column\">\n\t\t\t<div class=\"elementor-widget-wrap\">\n\t\t\t\t\t\t\t<\/div>\n\t\t<\/div>\n\t\t\t\t\t<\/div>\n\t\t<\/section>\n\t\t<div class=\"elementor-element elementor-element-c2628e5 e-flex e-con-boxed e-con e-parent\" data-id=\"c2628e5\" data-element_type=\"container\" data-e-type=\"container\">\n\t\t\t\t\t<div class=\"e-con-inner\">\n\t\t<div class=\"elementor-element elementor-element-a751d2d e-con-full e-flex e-con e-child\" data-id=\"a751d2d\" data-element_type=\"container\" data-e-type=\"container\">\n\t\t\t\t<div class=\"elementor-element elementor-element-a9b1f0f elementor-widget elementor-widget-image\" data-id=\"a9b1f0f\" data-element_type=\"widget\" data-e-type=\"widget\" data-widget_type=\"image.default\">\n\t\t\t\t\t\t\t\t\t\t\t\t\t\t\t<img fetchpriority=\"high\" decoding=\"async\" width=\"650\" height=\"434\" src=\"https:\/\/palkiewicz.art\/wp-content\/uploads\/2026\/04\/Projekt-bez-nazwy-2026-04-01T162141.282.png\" class=\"attachment-large size-large wp-image-1455\" alt=\"\" srcset=\"https:\/\/palkiewicz.art\/wp-content\/uploads\/2026\/04\/Projekt-bez-nazwy-2026-04-01T162141.282.png 650w, https:\/\/palkiewicz.art\/wp-content\/uploads\/2026\/04\/Projekt-bez-nazwy-2026-04-01T162141.282-300x200.png 300w\" sizes=\"(max-width: 650px) 100vw, 650px\" \/>\t\t\t\t\t\t\t\t\t\t\t\t\t\t\t<\/div>\n\t\t\t\t<\/div>\n\t\t<div class=\"elementor-element elementor-element-6756eef e-con-full e-flex e-con e-child\" data-id=\"6756eef\" data-element_type=\"container\" data-e-type=\"container\">\n\t\t\t\t<div class=\"elementor-element elementor-element-a9cddd5 elementor-widget elementor-widget-image\" data-id=\"a9cddd5\" data-element_type=\"widget\" data-e-type=\"widget\" data-widget_type=\"image.default\">\n\t\t\t\t\t\t\t\t\t\t\t\t\t\t\t<img decoding=\"async\" width=\"650\" height=\"434\" src=\"https:\/\/palkiewicz.art\/wp-content\/uploads\/2026\/04\/Projekt-bez-nazwy-2026-04-01T162123.034.png\" class=\"attachment-large size-large wp-image-1456\" alt=\"\" srcset=\"https:\/\/palkiewicz.art\/wp-content\/uploads\/2026\/04\/Projekt-bez-nazwy-2026-04-01T162123.034.png 650w, https:\/\/palkiewicz.art\/wp-content\/uploads\/2026\/04\/Projekt-bez-nazwy-2026-04-01T162123.034-300x200.png 300w\" sizes=\"(max-width: 650px) 100vw, 650px\" \/>\t\t\t\t\t\t\t\t\t\t\t\t\t\t\t<\/div>\n\t\t\t\t<\/div>\n\t\t\t\t\t<\/div>\n\t\t\t\t<\/div>\n\t\t<div class=\"elementor-element elementor-element-ea87066 e-flex e-con-boxed e-con e-parent\" data-id=\"ea87066\" data-element_type=\"container\" data-e-type=\"container\">\n\t\t\t\t\t<div class=\"e-con-inner\">\n\t\t<div class=\"elementor-element elementor-element-18c7546 e-con-full e-flex e-con e-child\" data-id=\"18c7546\" data-element_type=\"container\" data-e-type=\"container\">\n\t\t\t\t<div class=\"elementor-element elementor-element-7434348 elementor-widget elementor-widget-image\" data-id=\"7434348\" data-element_type=\"widget\" data-e-type=\"widget\" data-widget_type=\"image.default\">\n\t\t\t\t\t\t\t\t\t\t\t\t\t\t\t<img decoding=\"async\" width=\"650\" height=\"434\" src=\"https:\/\/palkiewicz.art\/wp-content\/uploads\/2026\/04\/Projekt-bez-nazwy-2026-04-01T162107.765.png\" class=\"attachment-large size-large wp-image-1457\" alt=\"\" srcset=\"https:\/\/palkiewicz.art\/wp-content\/uploads\/2026\/04\/Projekt-bez-nazwy-2026-04-01T162107.765.png 650w, https:\/\/palkiewicz.art\/wp-content\/uploads\/2026\/04\/Projekt-bez-nazwy-2026-04-01T162107.765-300x200.png 300w\" sizes=\"(max-width: 650px) 100vw, 650px\" \/>\t\t\t\t\t\t\t\t\t\t\t\t\t\t\t<\/div>\n\t\t\t\t<\/div>\n\t\t<div class=\"elementor-element elementor-element-d34dcb0 e-con-full e-flex e-con e-child\" data-id=\"d34dcb0\" data-element_type=\"container\" data-e-type=\"container\">\n\t\t\t\t<div class=\"elementor-element elementor-element-5bb9a81 elementor-widget elementor-widget-video\" data-id=\"5bb9a81\" data-element_type=\"widget\" data-e-type=\"widget\" data-settings=\"{&quot;video_type&quot;:&quot;hosted&quot;,&quot;controls&quot;:&quot;yes&quot;}\" data-widget_type=\"video.default\">\n\t\t\t\t\t\t\t<div class=\"e-hosted-video elementor-wrapper elementor-open-inline\">\n\t\t\t\t\t<video class=\"elementor-video\" src=\"https:\/\/palkiewicz.art\/wp-content\/uploads\/2026\/04\/Bez-nazwy-2200-x-1240-px-2200-x-1040-px.mp4\" controls=\"\" preload=\"metadata\" controlsList=\"nodownload\"><\/video>\n\t\t\t\t<\/div>\n\t\t\t\t\t\t<\/div>\n\t\t\t\t<\/div>\n\t\t\t\t\t<\/div>\n\t\t\t\t<\/div>\n\t\t\t\t<section class=\"elementor-section elementor-top-section elementor-element elementor-element-02b3820 elementor-section-boxed elementor-section-height-default elementor-section-height-default\" data-id=\"02b3820\" data-element_type=\"section\" data-e-type=\"section\" data-settings=\"{&quot;background_background&quot;:&quot;classic&quot;}\">\n\t\t\t\t\t\t\t<div class=\"elementor-background-overlay\"><\/div>\n\t\t\t\t\t\t\t<div class=\"elementor-container elementor-column-gap-default\">\n\t\t\t\t\t<div class=\"elementor-column elementor-col-33 elementor-top-column elementor-element elementor-element-4ddc456 elementor-hidden-phone\" data-id=\"4ddc456\" data-element_type=\"column\" data-e-type=\"column\">\n\t\t\t<div class=\"elementor-widget-wrap\">\n\t\t\t\t\t\t\t<\/div>\n\t\t<\/div>\n\t\t\t\t<div class=\"elementor-column elementor-col-33 elementor-top-column elementor-element elementor-element-e2fbb2a\" data-id=\"e2fbb2a\" data-element_type=\"column\" data-e-type=\"column\">\n\t\t\t<div class=\"elementor-widget-wrap elementor-element-populated\">\n\t\t\t\t\t\t<div class=\"elementor-element elementor-element-6ca11fd elementor-widget elementor-widget-heading\" data-id=\"6ca11fd\" data-element_type=\"widget\" data-e-type=\"widget\" data-widget_type=\"heading.default\">\n\t\t\t\t\t<h6 class=\"elementor-heading-title elementor-size-default\">Czekamy na kontakt!<\/h6>\t\t\t\t<\/div>\n\t\t\t\t<div class=\"elementor-element elementor-element-1caee11 elementor-widget elementor-widget-heading\" data-id=\"1caee11\" data-element_type=\"widget\" data-e-type=\"widget\" data-widget_type=\"heading.default\">\n\t\t\t\t\t<h2 class=\"elementor-heading-title elementor-size-default\">Zarezerwuj swoj\u0105 sesj\u0119 fotograficzn\u0105 ju\u017c dzi\u015b!<\/h2>\t\t\t\t<\/div>\n\t\t\t\t<div class=\"elementor-element elementor-element-0a091ec elementor-widget elementor-widget-text-editor\" data-id=\"0a091ec\" data-element_type=\"widget\" data-e-type=\"widget\" data-widget_type=\"text-editor.default\">\n\t\t\t\t\t\t\t\t\t<p>Odkryj, jak mog\u0119 uczyni\u0107 Twoje wspomnienia niezatarte i wyj\u0105tkowe. Skontaktuj si\u0119 ze mn\u0105, aby uzyska\u0107 wi\u0119cej informacji.<\/p>\t\t\t\t\t\t\t\t<\/div>\n\t\t\t\t<div class=\"elementor-element elementor-element-add4267 elementor-mobile-align-justify elementor-align-center elementor-widget elementor-widget-button\" data-id=\"add4267\" data-element_type=\"widget\" data-e-type=\"widget\" data-widget_type=\"button.default\">\n\t\t\t\t\t\t\t\t\t\t<a class=\"elementor-button elementor-button-link elementor-size-sm\" href=\"https:\/\/palkiewicz.art\/?page_id=570\">\n\t\t\t\t\t\t<span class=\"elementor-button-content-wrapper\">\n\t\t\t\t\t\t\t\t\t<span class=\"elementor-button-text\">Skontaktuj si\u0119<\/span>\n\t\t\t\t\t<\/span>\n\t\t\t\t\t<\/a>\n\t\t\t\t\t\t\t\t<\/div>\n\t\t\t\t\t<\/div>\n\t\t<\/div>\n\t\t\t\t<div class=\"elementor-column elementor-col-33 elementor-top-column elementor-element elementor-element-751ad69 elementor-hidden-tablet elementor-hidden-phone\" data-id=\"751ad69\" data-element_type=\"column\" data-e-type=\"column\">\n\t\t\t<div class=\"elementor-widget-wrap\">\n\t\t\t\t\t\t\t<\/div>\n\t\t<\/div>\n\t\t\t\t\t<\/div>\n\t\t<\/section>\n\t\t\t\t<\/div>\n\t\t","protected":false},"excerpt":{"rendered":"<p>Fotografie i filmy z drona https:\/\/palkiewicz.art\/wp-content\/uploads\/2026\/04\/Bez-nazwy-2200-x-1240-px-2200-x-1040-px.mp4 Czekamy na kontakt! Zarezerwuj swoj\u0105 sesj\u0119 fotograficzn\u0105 ju\u017c dzi\u015b! Odkryj, jak mog\u0119 uczyni\u0107 Twoje wspomnienia niezatarte i wyj\u0105tkowe. Skontaktuj si\u0119 ze mn\u0105, aby uzyska\u0107 wi\u0119cej informacji. Skontaktuj si\u0119<\/p>\n","protected":false},"author":1,"featured_media":0,"parent":0,"menu_order":0,"comment_status":"closed","ping_status":"closed","template":"","meta":{"_kadence_starter_templates_imported_post":false,"_kad_post_transparent":"","_kad_post_title":"hide","_kad_post_layout":"fullwidth","_kad_post_sidebar_id":"","_kad_post_content_style":"unboxed","_kad_post_vertical_padding":"hide","_kad_post_feature":"hide","_kad_post_feature_position":"","_kad_post_header":false,"_kad_post_footer":false,"_kad_post_classname":"","footnotes":""},"class_list":["post-1296","page","type-page","status-publish","hentry"],"_links":{"self":[{"href":"https:\/\/palkiewicz.art\/index.php?rest_route=\/wp\/v2\/pages\/1296","targetHints":{"allow":["GET"]}}],"collection":[{"href":"https:\/\/palkiewicz.art\/index.php?rest_route=\/wp\/v2\/pages"}],"about":[{"href":"https:\/\/palkiewicz.art\/index.php?rest_route=\/wp\/v2\/types\/page"}],"author":[{"embeddable":true,"href":"https:\/\/palkiewicz.art\/index.php?rest_route=\/wp\/v2\/users\/1"}],"replies":[{"embeddable":true,"href":"https:\/\/palkiewicz.art\/index.php?rest_route=%2Fwp%2Fv2%2Fcomments&post=1296"}],"version-history":[{"count":16,"href":"https:\/\/palkiewicz.art\/index.php?rest_route=\/wp\/v2\/pages\/1296\/revisions"}],"predecessor-version":[{"id":1466,"href":"https:\/\/palkiewicz.art\/index.php?rest_route=\/wp\/v2\/pages\/1296\/revisions\/1466"}],"wp:attachment":[{"href":"https:\/\/palkiewicz.art\/index.php?rest_route=%2Fwp%2Fv2%2Fmedia&parent=1296"}],"curies":[{"name":"wp","href":"https:\/\/api.w.org\/{rel}","templated":true}]}}