{"id":1301,"date":"2026-03-22T10:08:16","date_gmt":"2026-03-22T10:08:16","guid":{"rendered":"https:\/\/demlines.pl\/?page_id=1301"},"modified":"2026-04-01T14:18:34","modified_gmt":"2026-04-01T14:18:34","slug":"fotografie-rodzinne","status":"publish","type":"page","link":"https:\/\/palkiewicz.art\/?page_id=1301","title":{"rendered":"Fotografie Rodzinne"},"content":{"rendered":"\t\t<div data-elementor-type=\"wp-page\" data-elementor-id=\"1301\" class=\"elementor elementor-1301\">\n\t\t\t\t\t\t<section class=\"elementor-section elementor-top-section elementor-element elementor-element-5a4d4b2 elementor-section-height-min-height elementor-section-items-bottom elementor-section-boxed elementor-section-height-default\" data-id=\"5a4d4b2\" data-element_type=\"section\" data-e-type=\"section\" data-settings=\"{&quot;background_background&quot;:&quot;classic&quot;}\">\n\t\t\t\t\t\t\t<div class=\"elementor-background-overlay\"><\/div>\n\t\t\t\t\t\t\t<div class=\"elementor-container elementor-column-gap-default\">\n\t\t\t\t\t<div class=\"elementor-column elementor-col-50 elementor-top-column elementor-element elementor-element-0c58c48\" data-id=\"0c58c48\" data-element_type=\"column\" data-e-type=\"column\">\n\t\t\t<div class=\"elementor-widget-wrap elementor-element-populated\">\n\t\t\t\t\t\t<div class=\"elementor-element elementor-element-d30a782 elementor-widget elementor-widget-spacer\" data-id=\"d30a782\" data-element_type=\"widget\" data-e-type=\"widget\" data-widget_type=\"spacer.default\">\n\t\t\t\t\t\t\t<div class=\"elementor-spacer\">\n\t\t\t<div class=\"elementor-spacer-inner\"><\/div>\n\t\t<\/div>\n\t\t\t\t\t\t<\/div>\n\t\t\t\t<div class=\"elementor-element elementor-element-2cb8a0c elementor-widget elementor-widget-heading\" data-id=\"2cb8a0c\" data-element_type=\"widget\" data-e-type=\"widget\" data-widget_type=\"heading.default\">\n\t\t\t\t\t<h1 class=\"elementor-heading-title elementor-size-default\">Fotografie Rodzinne<\/h1>\t\t\t\t<\/div>\n\t\t\t\t<div class=\"elementor-element elementor-element-facceab elementor-hidden-phone elementor-widget elementor-widget-spacer\" data-id=\"facceab\" data-element_type=\"widget\" data-e-type=\"widget\" data-widget_type=\"spacer.default\">\n\t\t\t\t\t\t\t<div class=\"elementor-spacer\">\n\t\t\t<div class=\"elementor-spacer-inner\"><\/div>\n\t\t<\/div>\n\t\t\t\t\t\t<\/div>\n\t\t\t\t\t<\/div>\n\t\t<\/div>\n\t\t\t\t<div class=\"elementor-column elementor-col-50 elementor-top-column elementor-element elementor-element-70eb0cd\" data-id=\"70eb0cd\" data-element_type=\"column\" data-e-type=\"column\">\n\t\t\t<div class=\"elementor-widget-wrap\">\n\t\t\t\t\t\t\t<\/div>\n\t\t<\/div>\n\t\t\t\t\t<\/div>\n\t\t<\/section>\n\t\t<div class=\"elementor-element elementor-element-485a49e e-flex e-con-boxed e-con e-parent\" data-id=\"485a49e\" data-element_type=\"container\" data-e-type=\"container\">\n\t\t\t\t\t<div class=\"e-con-inner\">\n\t\t\t\t<div class=\"elementor-element elementor-element-c93fa8b elementor-widget elementor-widget-image-gallery\" data-id=\"c93fa8b\" data-element_type=\"widget\" data-e-type=\"widget\" data-widget_type=\"image-gallery.default\">\n\t\t\t\t\t\t\t<div class=\"elementor-image-gallery\">\n\t\t\t<div id='gallery-1' class='gallery galleryid-1301 gallery-columns-2 gallery-size-full'><figure class='gallery-item'>\n\t\t\t<div class='gallery-icon landscape'>\n\t\t\t\t<a data-elementor-open-lightbox=\"yes\" data-elementor-lightbox-slideshow=\"c93fa8b\" data-elementor-lightbox-title=\"Projekt bez nazwy - 2026-04-01T161734.800\" data-e-action-hash=\"#elementor-action%3Aaction%3Dlightbox%26settings%3DeyJpZCI6MTQ0NSwidXJsIjoiaHR0cHM6XC9cL3BhbGtpZXdpY3ouYXJ0XC93cC1jb250ZW50XC91cGxvYWRzXC8yMDI2XC8wNFwvUHJvamVrdC1iZXotbmF6d3ktMjAyNi0wNC0wMVQxNjE3MzQuODAwLnBuZyIsInNsaWRlc2hvdyI6ImM5M2ZhOGIifQ%3D%3D\" href='https:\/\/palkiewicz.art\/wp-content\/uploads\/2026\/04\/Projekt-bez-nazwy-2026-04-01T161734.800.png'><img fetchpriority=\"high\" decoding=\"async\" width=\"650\" height=\"434\" src=\"https:\/\/palkiewicz.art\/wp-content\/uploads\/2026\/04\/Projekt-bez-nazwy-2026-04-01T161734.800.png\" class=\"attachment-full size-full\" alt=\"\" srcset=\"https:\/\/palkiewicz.art\/wp-content\/uploads\/2026\/04\/Projekt-bez-nazwy-2026-04-01T161734.800.png 650w, https:\/\/palkiewicz.art\/wp-content\/uploads\/2026\/04\/Projekt-bez-nazwy-2026-04-01T161734.800-300x200.png 300w\" sizes=\"(max-width: 650px) 100vw, 650px\" \/><\/a>\n\t\t\t<\/div><\/figure><figure class='gallery-item'>\n\t\t\t<div class='gallery-icon landscape'>\n\t\t\t\t<a data-elementor-open-lightbox=\"yes\" data-elementor-lightbox-slideshow=\"c93fa8b\" data-elementor-lightbox-title=\"Projekt bez nazwy - 2026-04-01T161708.239\" data-e-action-hash=\"#elementor-action%3Aaction%3Dlightbox%26settings%3DeyJpZCI6MTQ0NiwidXJsIjoiaHR0cHM6XC9cL3BhbGtpZXdpY3ouYXJ0XC93cC1jb250ZW50XC91cGxvYWRzXC8yMDI2XC8wNFwvUHJvamVrdC1iZXotbmF6d3ktMjAyNi0wNC0wMVQxNjE3MDguMjM5LnBuZyIsInNsaWRlc2hvdyI6ImM5M2ZhOGIifQ%3D%3D\" href='https:\/\/palkiewicz.art\/wp-content\/uploads\/2026\/04\/Projekt-bez-nazwy-2026-04-01T161708.239.png'><img decoding=\"async\" width=\"650\" height=\"434\" src=\"https:\/\/palkiewicz.art\/wp-content\/uploads\/2026\/04\/Projekt-bez-nazwy-2026-04-01T161708.239.png\" class=\"attachment-full size-full\" alt=\"\" srcset=\"https:\/\/palkiewicz.art\/wp-content\/uploads\/2026\/04\/Projekt-bez-nazwy-2026-04-01T161708.239.png 650w, https:\/\/palkiewicz.art\/wp-content\/uploads\/2026\/04\/Projekt-bez-nazwy-2026-04-01T161708.239-300x200.png 300w\" sizes=\"(max-width: 650px) 100vw, 650px\" \/><\/a>\n\t\t\t<\/div><\/figure><figure class='gallery-item'>\n\t\t\t<div class='gallery-icon landscape'>\n\t\t\t\t<a data-elementor-open-lightbox=\"yes\" data-elementor-lightbox-slideshow=\"c93fa8b\" data-elementor-lightbox-title=\"Projekt bez nazwy - 2026-04-01T161652.066\" data-e-action-hash=\"#elementor-action%3Aaction%3Dlightbox%26settings%3DeyJpZCI6MTQ0NywidXJsIjoiaHR0cHM6XC9cL3BhbGtpZXdpY3ouYXJ0XC93cC1jb250ZW50XC91cGxvYWRzXC8yMDI2XC8wNFwvUHJvamVrdC1iZXotbmF6d3ktMjAyNi0wNC0wMVQxNjE2NTIuMDY2LnBuZyIsInNsaWRlc2hvdyI6ImM5M2ZhOGIifQ%3D%3D\" href='https:\/\/palkiewicz.art\/wp-content\/uploads\/2026\/04\/Projekt-bez-nazwy-2026-04-01T161652.066.png'><img decoding=\"async\" width=\"650\" height=\"434\" src=\"https:\/\/palkiewicz.art\/wp-content\/uploads\/2026\/04\/Projekt-bez-nazwy-2026-04-01T161652.066.png\" class=\"attachment-full size-full\" alt=\"\" srcset=\"https:\/\/palkiewicz.art\/wp-content\/uploads\/2026\/04\/Projekt-bez-nazwy-2026-04-01T161652.066.png 650w, https:\/\/palkiewicz.art\/wp-content\/uploads\/2026\/04\/Projekt-bez-nazwy-2026-04-01T161652.066-300x200.png 300w\" sizes=\"(max-width: 650px) 100vw, 650px\" \/><\/a>\n\t\t\t<\/div><\/figure><figure class='gallery-item'>\n\t\t\t<div class='gallery-icon landscape'>\n\t\t\t\t<a data-elementor-open-lightbox=\"yes\" data-elementor-lightbox-slideshow=\"c93fa8b\" data-elementor-lightbox-title=\"Projekt bez nazwy - 2026-04-01T161621.834\" data-e-action-hash=\"#elementor-action%3Aaction%3Dlightbox%26settings%3DeyJpZCI6MTQ0OCwidXJsIjoiaHR0cHM6XC9cL3BhbGtpZXdpY3ouYXJ0XC93cC1jb250ZW50XC91cGxvYWRzXC8yMDI2XC8wNFwvUHJvamVrdC1iZXotbmF6d3ktMjAyNi0wNC0wMVQxNjE2MjEuODM0LnBuZyIsInNsaWRlc2hvdyI6ImM5M2ZhOGIifQ%3D%3D\" href='https:\/\/palkiewicz.art\/wp-content\/uploads\/2026\/04\/Projekt-bez-nazwy-2026-04-01T161621.834.png'><img loading=\"lazy\" decoding=\"async\" width=\"650\" height=\"434\" src=\"https:\/\/palkiewicz.art\/wp-content\/uploads\/2026\/04\/Projekt-bez-nazwy-2026-04-01T161621.834.png\" class=\"attachment-full size-full\" alt=\"\" srcset=\"https:\/\/palkiewicz.art\/wp-content\/uploads\/2026\/04\/Projekt-bez-nazwy-2026-04-01T161621.834.png 650w, https:\/\/palkiewicz.art\/wp-content\/uploads\/2026\/04\/Projekt-bez-nazwy-2026-04-01T161621.834-300x200.png 300w\" sizes=\"(max-width: 650px) 100vw, 650px\" \/><\/a>\n\t\t\t<\/div><\/figure><figure class='gallery-item'>\n\t\t\t<div class='gallery-icon landscape'>\n\t\t\t\t<a data-elementor-open-lightbox=\"yes\" data-elementor-lightbox-slideshow=\"c93fa8b\" data-elementor-lightbox-title=\"Projekt bez nazwy - 2026-04-01T161603.655\" data-e-action-hash=\"#elementor-action%3Aaction%3Dlightbox%26settings%3DeyJpZCI6MTQ0OSwidXJsIjoiaHR0cHM6XC9cL3BhbGtpZXdpY3ouYXJ0XC93cC1jb250ZW50XC91cGxvYWRzXC8yMDI2XC8wNFwvUHJvamVrdC1iZXotbmF6d3ktMjAyNi0wNC0wMVQxNjE2MDMuNjU1LnBuZyIsInNsaWRlc2hvdyI6ImM5M2ZhOGIifQ%3D%3D\" href='https:\/\/palkiewicz.art\/wp-content\/uploads\/2026\/04\/Projekt-bez-nazwy-2026-04-01T161603.655.png'><img loading=\"lazy\" decoding=\"async\" width=\"650\" height=\"434\" src=\"https:\/\/palkiewicz.art\/wp-content\/uploads\/2026\/04\/Projekt-bez-nazwy-2026-04-01T161603.655.png\" class=\"attachment-full size-full\" alt=\"\" srcset=\"https:\/\/palkiewicz.art\/wp-content\/uploads\/2026\/04\/Projekt-bez-nazwy-2026-04-01T161603.655.png 650w, https:\/\/palkiewicz.art\/wp-content\/uploads\/2026\/04\/Projekt-bez-nazwy-2026-04-01T161603.655-300x200.png 300w\" sizes=\"(max-width: 650px) 100vw, 650px\" \/><\/a>\n\t\t\t<\/div><\/figure><figure class='gallery-item'>\n\t\t\t<div class='gallery-icon landscape'>\n\t\t\t\t<a data-elementor-open-lightbox=\"yes\" data-elementor-lightbox-slideshow=\"c93fa8b\" data-elementor-lightbox-title=\"Projekt bez nazwy - 2026-04-01T161541.283\" data-e-action-hash=\"#elementor-action%3Aaction%3Dlightbox%26settings%3DeyJpZCI6MTQ1MCwidXJsIjoiaHR0cHM6XC9cL3BhbGtpZXdpY3ouYXJ0XC93cC1jb250ZW50XC91cGxvYWRzXC8yMDI2XC8wNFwvUHJvamVrdC1iZXotbmF6d3ktMjAyNi0wNC0wMVQxNjE1NDEuMjgzLnBuZyIsInNsaWRlc2hvdyI6ImM5M2ZhOGIifQ%3D%3D\" href='https:\/\/palkiewicz.art\/wp-content\/uploads\/2026\/04\/Projekt-bez-nazwy-2026-04-01T161541.283.png'><img loading=\"lazy\" decoding=\"async\" width=\"650\" height=\"434\" src=\"https:\/\/palkiewicz.art\/wp-content\/uploads\/2026\/04\/Projekt-bez-nazwy-2026-04-01T161541.283.png\" class=\"attachment-full size-full\" alt=\"\" srcset=\"https:\/\/palkiewicz.art\/wp-content\/uploads\/2026\/04\/Projekt-bez-nazwy-2026-04-01T161541.283.png 650w, https:\/\/palkiewicz.art\/wp-content\/uploads\/2026\/04\/Projekt-bez-nazwy-2026-04-01T161541.283-300x200.png 300w\" sizes=\"(max-width: 650px) 100vw, 650px\" \/><\/a>\n\t\t\t<\/div><\/figure><figure class='gallery-item'>\n\t\t\t<div class='gallery-icon landscape'>\n\t\t\t\t<a data-elementor-open-lightbox=\"yes\" data-elementor-lightbox-slideshow=\"c93fa8b\" data-elementor-lightbox-title=\"Projekt bez nazwy - 2026-04-01T161522.319\" data-e-action-hash=\"#elementor-action%3Aaction%3Dlightbox%26settings%3DeyJpZCI6MTQ1MSwidXJsIjoiaHR0cHM6XC9cL3BhbGtpZXdpY3ouYXJ0XC93cC1jb250ZW50XC91cGxvYWRzXC8yMDI2XC8wNFwvUHJvamVrdC1iZXotbmF6d3ktMjAyNi0wNC0wMVQxNjE1MjIuMzE5LnBuZyIsInNsaWRlc2hvdyI6ImM5M2ZhOGIifQ%3D%3D\" href='https:\/\/palkiewicz.art\/wp-content\/uploads\/2026\/04\/Projekt-bez-nazwy-2026-04-01T161522.319.png'><img loading=\"lazy\" decoding=\"async\" width=\"650\" height=\"434\" src=\"https:\/\/palkiewicz.art\/wp-content\/uploads\/2026\/04\/Projekt-bez-nazwy-2026-04-01T161522.319.png\" class=\"attachment-full size-full\" alt=\"\" srcset=\"https:\/\/palkiewicz.art\/wp-content\/uploads\/2026\/04\/Projekt-bez-nazwy-2026-04-01T161522.319.png 650w, https:\/\/palkiewicz.art\/wp-content\/uploads\/2026\/04\/Projekt-bez-nazwy-2026-04-01T161522.319-300x200.png 300w\" sizes=\"(max-width: 650px) 100vw, 650px\" \/><\/a>\n\t\t\t<\/div><\/figure>\n\t\t<\/div>\n\t\t<\/div>\n\t\t\t\t\t\t<\/div>\n\t\t\t\t\t<\/div>\n\t\t\t\t<\/div>\n\t\t\t\t<section class=\"elementor-section elementor-top-section elementor-element elementor-element-6eb027c elementor-section-boxed elementor-section-height-default elementor-section-height-default\" data-id=\"6eb027c\" data-element_type=\"section\" data-e-type=\"section\" data-settings=\"{&quot;background_background&quot;:&quot;classic&quot;}\">\n\t\t\t\t\t\t\t<div class=\"elementor-background-overlay\"><\/div>\n\t\t\t\t\t\t\t<div class=\"elementor-container elementor-column-gap-default\">\n\t\t\t\t\t<div class=\"elementor-column elementor-col-33 elementor-top-column elementor-element elementor-element-6ccebdb elementor-hidden-phone\" data-id=\"6ccebdb\" data-element_type=\"column\" data-e-type=\"column\">\n\t\t\t<div class=\"elementor-widget-wrap\">\n\t\t\t\t\t\t\t<\/div>\n\t\t<\/div>\n\t\t\t\t<div class=\"elementor-column elementor-col-33 elementor-top-column elementor-element elementor-element-1304f36\" data-id=\"1304f36\" data-element_type=\"column\" data-e-type=\"column\">\n\t\t\t<div class=\"elementor-widget-wrap elementor-element-populated\">\n\t\t\t\t\t\t<div class=\"elementor-element elementor-element-5c48bd6 elementor-widget elementor-widget-heading\" data-id=\"5c48bd6\" data-element_type=\"widget\" data-e-type=\"widget\" data-widget_type=\"heading.default\">\n\t\t\t\t\t<h6 class=\"elementor-heading-title elementor-size-default\">Czekamy na kontakt!<\/h6>\t\t\t\t<\/div>\n\t\t\t\t<div class=\"elementor-element elementor-element-0c534e8 elementor-widget elementor-widget-heading\" data-id=\"0c534e8\" data-element_type=\"widget\" data-e-type=\"widget\" data-widget_type=\"heading.default\">\n\t\t\t\t\t<h2 class=\"elementor-heading-title elementor-size-default\">Zarezerwuj swoj\u0105 sesj\u0119 fotograficzn\u0105 ju\u017c dzi\u015b!<\/h2>\t\t\t\t<\/div>\n\t\t\t\t<div class=\"elementor-element elementor-element-181678c elementor-widget elementor-widget-text-editor\" data-id=\"181678c\" data-element_type=\"widget\" data-e-type=\"widget\" data-widget_type=\"text-editor.default\">\n\t\t\t\t\t\t\t\t\t<p>Odkryj, jak mog\u0119 uczyni\u0107 Twoje wspomnienia niezatarte i wyj\u0105tkowe. Skontaktuj si\u0119 ze mn\u0105, aby uzyska\u0107 wi\u0119cej informacji.<\/p>\t\t\t\t\t\t\t\t<\/div>\n\t\t\t\t<div class=\"elementor-element elementor-element-ca18246 elementor-mobile-align-justify elementor-align-center elementor-widget elementor-widget-button\" data-id=\"ca18246\" data-element_type=\"widget\" data-e-type=\"widget\" data-widget_type=\"button.default\">\n\t\t\t\t\t\t\t\t\t\t<a class=\"elementor-button elementor-button-link elementor-size-sm\" href=\"https:\/\/palkiewicz.art\/?page_id=570\">\n\t\t\t\t\t\t<span class=\"elementor-button-content-wrapper\">\n\t\t\t\t\t\t\t\t\t<span class=\"elementor-button-text\">Skontaktuj si\u0119<\/span>\n\t\t\t\t\t<\/span>\n\t\t\t\t\t<\/a>\n\t\t\t\t\t\t\t\t<\/div>\n\t\t\t\t\t<\/div>\n\t\t<\/div>\n\t\t\t\t<div class=\"elementor-column elementor-col-33 elementor-top-column elementor-element elementor-element-9d09b9c elementor-hidden-tablet elementor-hidden-phone\" data-id=\"9d09b9c\" data-element_type=\"column\" data-e-type=\"column\">\n\t\t\t<div class=\"elementor-widget-wrap\">\n\t\t\t\t\t\t\t<\/div>\n\t\t<\/div>\n\t\t\t\t\t<\/div>\n\t\t<\/section>\n\t\t\t\t<\/div>\n\t\t","protected":false},"excerpt":{"rendered":"<p>Fotografie Rodzinne Czekamy na kontakt! Zarezerwuj swoj\u0105 sesj\u0119 fotograficzn\u0105 ju\u017c dzi\u015b! Odkryj, jak mog\u0119 uczyni\u0107 Twoje wspomnienia niezatarte i wyj\u0105tkowe. Skontaktuj si\u0119 ze mn\u0105, aby uzyska\u0107 wi\u0119cej informacji. Skontaktuj si\u0119<\/p>\n","protected":false},"author":1,"featured_media":0,"parent":0,"menu_order":0,"comment_status":"closed","ping_status":"closed","template":"","meta":{"_kadence_starter_templates_imported_post":false,"_kad_post_transparent":"","_kad_post_title":"hide","_kad_post_layout":"fullwidth","_kad_post_sidebar_id":"","_kad_post_content_style":"unboxed","_kad_post_vertical_padding":"hide","_kad_post_feature":"hide","_kad_post_feature_position":"","_kad_post_header":false,"_kad_post_footer":false,"_kad_post_classname":"","footnotes":""},"class_list":["post-1301","page","type-page","status-publish","hentry"],"_links":{"self":[{"href":"https:\/\/palkiewicz.art\/index.php?rest_route=\/wp\/v2\/pages\/1301","targetHints":{"allow":["GET"]}}],"collection":[{"href":"https:\/\/palkiewicz.art\/index.php?rest_route=\/wp\/v2\/pages"}],"about":[{"href":"https:\/\/palkiewicz.art\/index.php?rest_route=\/wp\/v2\/types\/page"}],"author":[{"embeddable":true,"href":"https:\/\/palkiewicz.art\/index.php?rest_route=\/wp\/v2\/users\/1"}],"replies":[{"embeddable":true,"href":"https:\/\/palkiewicz.art\/index.php?rest_route=%2Fwp%2Fv2%2Fcomments&post=1301"}],"version-history":[{"count":13,"href":"https:\/\/palkiewicz.art\/index.php?rest_route=\/wp\/v2\/pages\/1301\/revisions"}],"predecessor-version":[{"id":1454,"href":"https:\/\/palkiewicz.art\/index.php?rest_route=\/wp\/v2\/pages\/1301\/revisions\/1454"}],"wp:attachment":[{"href":"https:\/\/palkiewicz.art\/index.php?rest_route=%2Fwp%2Fv2%2Fmedia&parent=1301"}],"curies":[{"name":"wp","href":"https:\/\/api.w.org\/{rel}","templated":true}]}}