{"id":1316,"date":"2026-03-22T10:12:36","date_gmt":"2026-03-22T10:12:36","guid":{"rendered":"https:\/\/demlines.pl\/?page_id=1316"},"modified":"2026-04-01T14:12:50","modified_gmt":"2026-04-01T14:12:50","slug":"fotografie-nieruchomosci","status":"publish","type":"page","link":"https:\/\/palkiewicz.art\/?page_id=1316","title":{"rendered":"Fotografie Nieruchomo\u015bci"},"content":{"rendered":"\t\t<div data-elementor-type=\"wp-page\" data-elementor-id=\"1316\" class=\"elementor elementor-1316\">\n\t\t\t\t\t\t<section class=\"elementor-section elementor-top-section elementor-element elementor-element-f182eca elementor-section-height-min-height elementor-section-items-bottom elementor-section-boxed elementor-section-height-default\" data-id=\"f182eca\" data-element_type=\"section\" data-e-type=\"section\" data-settings=\"{&quot;background_background&quot;:&quot;classic&quot;}\">\n\t\t\t\t\t\t\t<div class=\"elementor-background-overlay\"><\/div>\n\t\t\t\t\t\t\t<div class=\"elementor-container elementor-column-gap-default\">\n\t\t\t\t\t<div class=\"elementor-column elementor-col-50 elementor-top-column elementor-element elementor-element-85ab299\" data-id=\"85ab299\" data-element_type=\"column\" data-e-type=\"column\">\n\t\t\t<div class=\"elementor-widget-wrap elementor-element-populated\">\n\t\t\t\t\t\t<div class=\"elementor-element elementor-element-0d41396 elementor-widget elementor-widget-spacer\" data-id=\"0d41396\" data-element_type=\"widget\" data-e-type=\"widget\" data-widget_type=\"spacer.default\">\n\t\t\t\t\t\t\t<div class=\"elementor-spacer\">\n\t\t\t<div class=\"elementor-spacer-inner\"><\/div>\n\t\t<\/div>\n\t\t\t\t\t\t<\/div>\n\t\t\t\t<div class=\"elementor-element elementor-element-a27215b elementor-widget elementor-widget-heading\" data-id=\"a27215b\" data-element_type=\"widget\" data-e-type=\"widget\" data-widget_type=\"heading.default\">\n\t\t\t\t\t<h1 class=\"elementor-heading-title elementor-size-default\">Fotografie Rodzinne<\/h1>\t\t\t\t<\/div>\n\t\t\t\t<div class=\"elementor-element elementor-element-eed1b4b elementor-hidden-phone elementor-widget elementor-widget-spacer\" data-id=\"eed1b4b\" data-element_type=\"widget\" data-e-type=\"widget\" data-widget_type=\"spacer.default\">\n\t\t\t\t\t\t\t<div class=\"elementor-spacer\">\n\t\t\t<div class=\"elementor-spacer-inner\"><\/div>\n\t\t<\/div>\n\t\t\t\t\t\t<\/div>\n\t\t\t\t\t<\/div>\n\t\t<\/div>\n\t\t\t\t<div class=\"elementor-column elementor-col-50 elementor-top-column elementor-element elementor-element-8a387f8\" data-id=\"8a387f8\" data-element_type=\"column\" data-e-type=\"column\">\n\t\t\t<div class=\"elementor-widget-wrap\">\n\t\t\t\t\t\t\t<\/div>\n\t\t<\/div>\n\t\t\t\t\t<\/div>\n\t\t<\/section>\n\t\t<div class=\"elementor-element elementor-element-f7846b1 e-flex e-con-boxed e-con e-parent\" data-id=\"f7846b1\" data-element_type=\"container\" data-e-type=\"container\">\n\t\t\t\t\t<div class=\"e-con-inner\">\n\t\t\t\t<div class=\"elementor-element elementor-element-8763cd5 elementor-widget elementor-widget-image-gallery\" data-id=\"8763cd5\" data-element_type=\"widget\" data-e-type=\"widget\" data-widget_type=\"image-gallery.default\">\n\t\t\t\t\t\t\t<div class=\"elementor-image-gallery\">\n\t\t\t<div id='gallery-1' class='gallery galleryid-1316 gallery-columns-2 gallery-size-full'><figure class='gallery-item'>\n\t\t\t<div class='gallery-icon landscape'>\n\t\t\t\t<a data-elementor-open-lightbox=\"yes\" data-elementor-lightbox-slideshow=\"8763cd5\" data-elementor-lightbox-title=\"Projekt bez nazwy - 2026-04-01T161137.204\" data-e-action-hash=\"#elementor-action%3Aaction%3Dlightbox%26settings%3DeyJpZCI6MTQzNSwidXJsIjoiaHR0cHM6XC9cL3BhbGtpZXdpY3ouYXJ0XC93cC1jb250ZW50XC91cGxvYWRzXC8yMDI2XC8wNFwvUHJvamVrdC1iZXotbmF6d3ktMjAyNi0wNC0wMVQxNjExMzcuMjA0LnBuZyIsInNsaWRlc2hvdyI6Ijg3NjNjZDUifQ%3D%3D\" href='https:\/\/palkiewicz.art\/wp-content\/uploads\/2026\/04\/Projekt-bez-nazwy-2026-04-01T161137.204.png'><img fetchpriority=\"high\" decoding=\"async\" width=\"650\" height=\"434\" src=\"https:\/\/palkiewicz.art\/wp-content\/uploads\/2026\/04\/Projekt-bez-nazwy-2026-04-01T161137.204.png\" class=\"attachment-full size-full\" alt=\"\" srcset=\"https:\/\/palkiewicz.art\/wp-content\/uploads\/2026\/04\/Projekt-bez-nazwy-2026-04-01T161137.204.png 650w, https:\/\/palkiewicz.art\/wp-content\/uploads\/2026\/04\/Projekt-bez-nazwy-2026-04-01T161137.204-300x200.png 300w\" sizes=\"(max-width: 650px) 100vw, 650px\" \/><\/a>\n\t\t\t<\/div><\/figure><figure class='gallery-item'>\n\t\t\t<div class='gallery-icon landscape'>\n\t\t\t\t<a data-elementor-open-lightbox=\"yes\" data-elementor-lightbox-slideshow=\"8763cd5\" data-elementor-lightbox-title=\"Projekt bez nazwy - 2026-04-01T161119.430\" data-e-action-hash=\"#elementor-action%3Aaction%3Dlightbox%26settings%3DeyJpZCI6MTQzNiwidXJsIjoiaHR0cHM6XC9cL3BhbGtpZXdpY3ouYXJ0XC93cC1jb250ZW50XC91cGxvYWRzXC8yMDI2XC8wNFwvUHJvamVrdC1iZXotbmF6d3ktMjAyNi0wNC0wMVQxNjExMTkuNDMwLnBuZyIsInNsaWRlc2hvdyI6Ijg3NjNjZDUifQ%3D%3D\" href='https:\/\/palkiewicz.art\/wp-content\/uploads\/2026\/04\/Projekt-bez-nazwy-2026-04-01T161119.430.png'><img decoding=\"async\" width=\"650\" height=\"434\" src=\"https:\/\/palkiewicz.art\/wp-content\/uploads\/2026\/04\/Projekt-bez-nazwy-2026-04-01T161119.430.png\" class=\"attachment-full size-full\" alt=\"\" srcset=\"https:\/\/palkiewicz.art\/wp-content\/uploads\/2026\/04\/Projekt-bez-nazwy-2026-04-01T161119.430.png 650w, https:\/\/palkiewicz.art\/wp-content\/uploads\/2026\/04\/Projekt-bez-nazwy-2026-04-01T161119.430-300x200.png 300w\" sizes=\"(max-width: 650px) 100vw, 650px\" \/><\/a>\n\t\t\t<\/div><\/figure><figure class='gallery-item'>\n\t\t\t<div class='gallery-icon landscape'>\n\t\t\t\t<a data-elementor-open-lightbox=\"yes\" data-elementor-lightbox-slideshow=\"8763cd5\" data-elementor-lightbox-title=\"Projekt bez nazwy - 2026-04-01T161057.304\" data-e-action-hash=\"#elementor-action%3Aaction%3Dlightbox%26settings%3DeyJpZCI6MTQzNywidXJsIjoiaHR0cHM6XC9cL3BhbGtpZXdpY3ouYXJ0XC93cC1jb250ZW50XC91cGxvYWRzXC8yMDI2XC8wNFwvUHJvamVrdC1iZXotbmF6d3ktMjAyNi0wNC0wMVQxNjEwNTcuMzA0LnBuZyIsInNsaWRlc2hvdyI6Ijg3NjNjZDUifQ%3D%3D\" href='https:\/\/palkiewicz.art\/wp-content\/uploads\/2026\/04\/Projekt-bez-nazwy-2026-04-01T161057.304.png'><img decoding=\"async\" width=\"650\" height=\"434\" src=\"https:\/\/palkiewicz.art\/wp-content\/uploads\/2026\/04\/Projekt-bez-nazwy-2026-04-01T161057.304.png\" class=\"attachment-full size-full\" alt=\"\" srcset=\"https:\/\/palkiewicz.art\/wp-content\/uploads\/2026\/04\/Projekt-bez-nazwy-2026-04-01T161057.304.png 650w, https:\/\/palkiewicz.art\/wp-content\/uploads\/2026\/04\/Projekt-bez-nazwy-2026-04-01T161057.304-300x200.png 300w\" sizes=\"(max-width: 650px) 100vw, 650px\" \/><\/a>\n\t\t\t<\/div><\/figure><figure class='gallery-item'>\n\t\t\t<div class='gallery-icon landscape'>\n\t\t\t\t<a data-elementor-open-lightbox=\"yes\" data-elementor-lightbox-slideshow=\"8763cd5\" data-elementor-lightbox-title=\"Projekt bez nazwy - 2026-04-01T161032.441\" data-e-action-hash=\"#elementor-action%3Aaction%3Dlightbox%26settings%3DeyJpZCI6MTQzOCwidXJsIjoiaHR0cHM6XC9cL3BhbGtpZXdpY3ouYXJ0XC93cC1jb250ZW50XC91cGxvYWRzXC8yMDI2XC8wNFwvUHJvamVrdC1iZXotbmF6d3ktMjAyNi0wNC0wMVQxNjEwMzIuNDQxLnBuZyIsInNsaWRlc2hvdyI6Ijg3NjNjZDUifQ%3D%3D\" href='https:\/\/palkiewicz.art\/wp-content\/uploads\/2026\/04\/Projekt-bez-nazwy-2026-04-01T161032.441.png'><img loading=\"lazy\" decoding=\"async\" width=\"650\" height=\"434\" src=\"https:\/\/palkiewicz.art\/wp-content\/uploads\/2026\/04\/Projekt-bez-nazwy-2026-04-01T161032.441.png\" class=\"attachment-full size-full\" alt=\"\" srcset=\"https:\/\/palkiewicz.art\/wp-content\/uploads\/2026\/04\/Projekt-bez-nazwy-2026-04-01T161032.441.png 650w, https:\/\/palkiewicz.art\/wp-content\/uploads\/2026\/04\/Projekt-bez-nazwy-2026-04-01T161032.441-300x200.png 300w\" sizes=\"(max-width: 650px) 100vw, 650px\" \/><\/a>\n\t\t\t<\/div><\/figure><figure class='gallery-item'>\n\t\t\t<div class='gallery-icon landscape'>\n\t\t\t\t<a data-elementor-open-lightbox=\"yes\" data-elementor-lightbox-slideshow=\"8763cd5\" data-elementor-lightbox-title=\"Projekt bez nazwy - 2026-04-01T161007.515\" data-e-action-hash=\"#elementor-action%3Aaction%3Dlightbox%26settings%3DeyJpZCI6MTQzOSwidXJsIjoiaHR0cHM6XC9cL3BhbGtpZXdpY3ouYXJ0XC93cC1jb250ZW50XC91cGxvYWRzXC8yMDI2XC8wNFwvUHJvamVrdC1iZXotbmF6d3ktMjAyNi0wNC0wMVQxNjEwMDcuNTE1LnBuZyIsInNsaWRlc2hvdyI6Ijg3NjNjZDUifQ%3D%3D\" href='https:\/\/palkiewicz.art\/wp-content\/uploads\/2026\/04\/Projekt-bez-nazwy-2026-04-01T161007.515.png'><img loading=\"lazy\" decoding=\"async\" width=\"650\" height=\"434\" src=\"https:\/\/palkiewicz.art\/wp-content\/uploads\/2026\/04\/Projekt-bez-nazwy-2026-04-01T161007.515.png\" class=\"attachment-full size-full\" alt=\"\" srcset=\"https:\/\/palkiewicz.art\/wp-content\/uploads\/2026\/04\/Projekt-bez-nazwy-2026-04-01T161007.515.png 650w, https:\/\/palkiewicz.art\/wp-content\/uploads\/2026\/04\/Projekt-bez-nazwy-2026-04-01T161007.515-300x200.png 300w\" sizes=\"(max-width: 650px) 100vw, 650px\" \/><\/a>\n\t\t\t<\/div><\/figure><figure class='gallery-item'>\n\t\t\t<div class='gallery-icon landscape'>\n\t\t\t\t<a data-elementor-open-lightbox=\"yes\" data-elementor-lightbox-slideshow=\"8763cd5\" data-elementor-lightbox-title=\"Projekt bez nazwy - 2026-04-01T160948.125\" data-e-action-hash=\"#elementor-action%3Aaction%3Dlightbox%26settings%3DeyJpZCI6MTQ0MCwidXJsIjoiaHR0cHM6XC9cL3BhbGtpZXdpY3ouYXJ0XC93cC1jb250ZW50XC91cGxvYWRzXC8yMDI2XC8wNFwvUHJvamVrdC1iZXotbmF6d3ktMjAyNi0wNC0wMVQxNjA5NDguMTI1LnBuZyIsInNsaWRlc2hvdyI6Ijg3NjNjZDUifQ%3D%3D\" href='https:\/\/palkiewicz.art\/wp-content\/uploads\/2026\/04\/Projekt-bez-nazwy-2026-04-01T160948.125.png'><img loading=\"lazy\" decoding=\"async\" width=\"650\" height=\"434\" src=\"https:\/\/palkiewicz.art\/wp-content\/uploads\/2026\/04\/Projekt-bez-nazwy-2026-04-01T160948.125.png\" class=\"attachment-full size-full\" alt=\"\" srcset=\"https:\/\/palkiewicz.art\/wp-content\/uploads\/2026\/04\/Projekt-bez-nazwy-2026-04-01T160948.125.png 650w, https:\/\/palkiewicz.art\/wp-content\/uploads\/2026\/04\/Projekt-bez-nazwy-2026-04-01T160948.125-300x200.png 300w\" sizes=\"(max-width: 650px) 100vw, 650px\" \/><\/a>\n\t\t\t<\/div><\/figure><figure class='gallery-item'>\n\t\t\t<div class='gallery-icon landscape'>\n\t\t\t\t<a data-elementor-open-lightbox=\"yes\" data-elementor-lightbox-slideshow=\"8763cd5\" data-elementor-lightbox-title=\"Projekt bez nazwy - 2026-04-01T160909.216\" data-e-action-hash=\"#elementor-action%3Aaction%3Dlightbox%26settings%3DeyJpZCI6MTQ0MSwidXJsIjoiaHR0cHM6XC9cL3BhbGtpZXdpY3ouYXJ0XC93cC1jb250ZW50XC91cGxvYWRzXC8yMDI2XC8wNFwvUHJvamVrdC1iZXotbmF6d3ktMjAyNi0wNC0wMVQxNjA5MDkuMjE2LnBuZyIsInNsaWRlc2hvdyI6Ijg3NjNjZDUifQ%3D%3D\" href='https:\/\/palkiewicz.art\/wp-content\/uploads\/2026\/04\/Projekt-bez-nazwy-2026-04-01T160909.216.png'><img loading=\"lazy\" decoding=\"async\" width=\"650\" height=\"434\" src=\"https:\/\/palkiewicz.art\/wp-content\/uploads\/2026\/04\/Projekt-bez-nazwy-2026-04-01T160909.216.png\" class=\"attachment-full size-full\" alt=\"\" srcset=\"https:\/\/palkiewicz.art\/wp-content\/uploads\/2026\/04\/Projekt-bez-nazwy-2026-04-01T160909.216.png 650w, https:\/\/palkiewicz.art\/wp-content\/uploads\/2026\/04\/Projekt-bez-nazwy-2026-04-01T160909.216-300x200.png 300w\" sizes=\"(max-width: 650px) 100vw, 650px\" \/><\/a>\n\t\t\t<\/div><\/figure>\n\t\t<\/div>\n\t\t<\/div>\n\t\t\t\t\t\t<\/div>\n\t\t\t\t\t<\/div>\n\t\t\t\t<\/div>\n\t\t\t\t<section class=\"elementor-section elementor-top-section elementor-element elementor-element-41652f6 elementor-section-boxed elementor-section-height-default elementor-section-height-default\" data-id=\"41652f6\" data-element_type=\"section\" data-e-type=\"section\" data-settings=\"{&quot;background_background&quot;:&quot;classic&quot;}\">\n\t\t\t\t\t\t\t<div class=\"elementor-background-overlay\"><\/div>\n\t\t\t\t\t\t\t<div class=\"elementor-container elementor-column-gap-default\">\n\t\t\t\t\t<div class=\"elementor-column elementor-col-33 elementor-top-column elementor-element elementor-element-59c43bf elementor-hidden-phone\" data-id=\"59c43bf\" data-element_type=\"column\" data-e-type=\"column\">\n\t\t\t<div class=\"elementor-widget-wrap\">\n\t\t\t\t\t\t\t<\/div>\n\t\t<\/div>\n\t\t\t\t<div class=\"elementor-column elementor-col-33 elementor-top-column elementor-element elementor-element-3c76203\" data-id=\"3c76203\" data-element_type=\"column\" data-e-type=\"column\">\n\t\t\t<div class=\"elementor-widget-wrap elementor-element-populated\">\n\t\t\t\t\t\t<div class=\"elementor-element elementor-element-cd11b1d elementor-widget elementor-widget-heading\" data-id=\"cd11b1d\" data-element_type=\"widget\" data-e-type=\"widget\" data-widget_type=\"heading.default\">\n\t\t\t\t\t<h6 class=\"elementor-heading-title elementor-size-default\">Czekamy na kontakt!<\/h6>\t\t\t\t<\/div>\n\t\t\t\t<div class=\"elementor-element elementor-element-febfb5a elementor-widget elementor-widget-heading\" data-id=\"febfb5a\" data-element_type=\"widget\" data-e-type=\"widget\" data-widget_type=\"heading.default\">\n\t\t\t\t\t<h2 class=\"elementor-heading-title elementor-size-default\">Zarezerwuj swoj\u0105 sesj\u0119 fotograficzn\u0105 ju\u017c dzi\u015b!<\/h2>\t\t\t\t<\/div>\n\t\t\t\t<div class=\"elementor-element elementor-element-befd3ee elementor-widget elementor-widget-text-editor\" data-id=\"befd3ee\" data-element_type=\"widget\" data-e-type=\"widget\" data-widget_type=\"text-editor.default\">\n\t\t\t\t\t\t\t\t\t<p>Odkryj, jak mog\u0119 uczyni\u0107 Twoje wspomnienia niezatarte i wyj\u0105tkowe. Skontaktuj si\u0119 ze mn\u0105, aby uzyska\u0107 wi\u0119cej informacji.<\/p>\t\t\t\t\t\t\t\t<\/div>\n\t\t\t\t<div class=\"elementor-element elementor-element-27df813 elementor-mobile-align-justify elementor-align-center elementor-widget elementor-widget-button\" data-id=\"27df813\" data-element_type=\"widget\" data-e-type=\"widget\" data-widget_type=\"button.default\">\n\t\t\t\t\t\t\t\t\t\t<a class=\"elementor-button elementor-button-link elementor-size-sm\" href=\"https:\/\/palkiewicz.art\/?page_id=570\">\n\t\t\t\t\t\t<span class=\"elementor-button-content-wrapper\">\n\t\t\t\t\t\t\t\t\t<span class=\"elementor-button-text\">Skontaktuj si\u0119<\/span>\n\t\t\t\t\t<\/span>\n\t\t\t\t\t<\/a>\n\t\t\t\t\t\t\t\t<\/div>\n\t\t\t\t\t<\/div>\n\t\t<\/div>\n\t\t\t\t<div class=\"elementor-column elementor-col-33 elementor-top-column elementor-element elementor-element-4da6013 elementor-hidden-tablet elementor-hidden-phone\" data-id=\"4da6013\" data-element_type=\"column\" data-e-type=\"column\">\n\t\t\t<div class=\"elementor-widget-wrap\">\n\t\t\t\t\t\t\t<\/div>\n\t\t<\/div>\n\t\t\t\t\t<\/div>\n\t\t<\/section>\n\t\t\t\t<\/div>\n\t\t","protected":false},"excerpt":{"rendered":"<p>Fotografie Rodzinne Czekamy na kontakt! Zarezerwuj swoj\u0105 sesj\u0119 fotograficzn\u0105 ju\u017c dzi\u015b! Odkryj, jak mog\u0119 uczyni\u0107 Twoje wspomnienia niezatarte i wyj\u0105tkowe. Skontaktuj si\u0119 ze mn\u0105, aby uzyska\u0107 wi\u0119cej informacji. Skontaktuj si\u0119<\/p>\n","protected":false},"author":1,"featured_media":0,"parent":0,"menu_order":0,"comment_status":"closed","ping_status":"closed","template":"","meta":{"_kadence_starter_templates_imported_post":false,"_kad_post_transparent":"","_kad_post_title":"hide","_kad_post_layout":"fullwidth","_kad_post_sidebar_id":"","_kad_post_content_style":"unboxed","_kad_post_vertical_padding":"hide","_kad_post_feature":"hide","_kad_post_feature_position":"","_kad_post_header":false,"_kad_post_footer":false,"_kad_post_classname":"","footnotes":""},"class_list":["post-1316","page","type-page","status-publish","hentry"],"_links":{"self":[{"href":"https:\/\/palkiewicz.art\/index.php?rest_route=\/wp\/v2\/pages\/1316","targetHints":{"allow":["GET"]}}],"collection":[{"href":"https:\/\/palkiewicz.art\/index.php?rest_route=\/wp\/v2\/pages"}],"about":[{"href":"https:\/\/palkiewicz.art\/index.php?rest_route=\/wp\/v2\/types\/page"}],"author":[{"embeddable":true,"href":"https:\/\/palkiewicz.art\/index.php?rest_route=\/wp\/v2\/users\/1"}],"replies":[{"embeddable":true,"href":"https:\/\/palkiewicz.art\/index.php?rest_route=%2Fwp%2Fv2%2Fcomments&post=1316"}],"version-history":[{"count":10,"href":"https:\/\/palkiewicz.art\/index.php?rest_route=\/wp\/v2\/pages\/1316\/revisions"}],"predecessor-version":[{"id":1444,"href":"https:\/\/palkiewicz.art\/index.php?rest_route=\/wp\/v2\/pages\/1316\/revisions\/1444"}],"wp:attachment":[{"href":"https:\/\/palkiewicz.art\/index.php?rest_route=%2Fwp%2Fv2%2Fmedia&parent=1316"}],"curies":[{"name":"wp","href":"https:\/\/api.w.org\/{rel}","templated":true}]}}